{"id":2684,"date":"2024-09-27T10:06:47","date_gmt":"2024-09-27T08:06:47","guid":{"rendered":"https:\/\/bluesky.nfhotel.usermd.net\/?page_id=2684"},"modified":"2024-09-27T10:06:47","modified_gmt":"2024-09-27T08:06:47","slug":"apartamenty-karpacz-nadrzeczna","status":"publish","type":"page","link":"https:\/\/bluesky.nfhotel.usermd.net\/en\/apartamenty\/apartamenty-karpacz-nadrzeczna","title":{"rendered":"Apartamenty Karpacz Nadrzeczna"},"content":{"rendered":"","protected":false},"excerpt":{"rendered":"","protected":false},"author":3,"featured_media":0,"parent":2675,"menu_order":0,"comment_status":"closed","ping_status":"closed","template":"","meta":{"_acf_changed":false,"footnotes":""},"class_list":["post-2684","page","type-page","status-publish","hentry"],"acf":[],"yoast_head":"<!-- This site is optimized with the Yoast SEO plugin v23.7 - https:\/\/yoast.com\/wordpress\/plugins\/seo\/ -->\n<title>Apartamenty Karpacz Nadrzeczna - Blue Sky<\/title>\n<meta name=\"description\" content=\"BlueSky Apartments w Karpaczu to nowoczesny obiekt zlokalizowany przy ulicy Ogrodniczej, \u015bwie\u017co oddany do u\u017cytku. Po\u0142o\u017cony w malowniczym otoczeniu, oferuje przestronne apartamenty, kt\u00f3re s\u0105 idealnym wyborem dla os\u00f3b poszukuj\u0105cych spokoju i doskona\u0142ej lokalizacji w sercu Karpacza.\" \/>\n<meta name=\"robots\" content=\"noindex, follow, max-snippet:-1, max-image-preview:large, max-video-preview:-1\" \/>\n<meta property=\"og:locale\" content=\"en_GB\" \/>\n<meta property=\"og:type\" content=\"article\" \/>\n<meta property=\"og:title\" content=\"Apartamenty Karpacz Nadrzeczna - Blue Sky\" \/>\n<meta property=\"og:description\" content=\"BlueSky Apartments w Karpaczu to nowoczesny obiekt zlokalizowany przy ulicy Ogrodniczej, \u015bwie\u017co oddany do u\u017cytku. Po\u0142o\u017cony w malowniczym otoczeniu, oferuje przestronne apartamenty, kt\u00f3re s\u0105 idealnym wyborem dla os\u00f3b poszukuj\u0105cych spokoju i doskona\u0142ej lokalizacji w sercu Karpacza.\" \/>\n<meta property=\"og:url\" content=\"https:\/\/bluesky.nfhotel.usermd.net\/en\/apartamenty\/apartamenty-karpacz-nadrzeczna\/\" \/>\n<meta property=\"og:site_name\" content=\"Blue Sky\" \/>\n<meta name=\"twitter:card\" content=\"summary_large_image\" \/>\n<script type=\"application\/ld+json\" class=\"yoast-schema-graph\">{\"@context\":\"https:\/\/schema.org\",\"@graph\":[{\"@type\":\"WebPage\",\"@id\":\"https:\/\/bluesky.nfhotel.usermd.net\/apartamenty\/apartamenty-karpacz-nadrzeczna\",\"url\":\"https:\/\/bluesky.nfhotel.usermd.net\/apartamenty\/apartamenty-karpacz-nadrzeczna\",\"name\":\"Apartamenty Karpacz Nadrzeczna - Blue Sky\",\"isPartOf\":{\"@id\":\"https:\/\/bluesky.nfhotel.usermd.net\/#website\"},\"datePublished\":\"2024-09-27T08:06:47+00:00\",\"dateModified\":\"2024-09-27T08:06:47+00:00\",\"description\":\"BlueSky Apartments w Karpaczu to nowoczesny obiekt zlokalizowany przy ulicy Ogrodniczej, \u015bwie\u017co oddany do u\u017cytku. Po\u0142o\u017cony w malowniczym otoczeniu, oferuje przestronne apartamenty, kt\u00f3re s\u0105 idealnym wyborem dla os\u00f3b poszukuj\u0105cych spokoju i doskona\u0142ej lokalizacji w sercu Karpacza.\",\"breadcrumb\":{\"@id\":\"https:\/\/bluesky.nfhotel.usermd.net\/apartamenty\/apartamenty-karpacz-nadrzeczna#breadcrumb\"},\"inLanguage\":\"en-GB\",\"potentialAction\":[{\"@type\":\"ReadAction\",\"target\":[\"https:\/\/bluesky.nfhotel.usermd.net\/apartamenty\/apartamenty-karpacz-nadrzeczna\"]}]},{\"@type\":\"BreadcrumbList\",\"@id\":\"https:\/\/bluesky.nfhotel.usermd.net\/apartamenty\/apartamenty-karpacz-nadrzeczna#breadcrumb\",\"itemListElement\":[{\"@type\":\"ListItem\",\"position\":1,\"name\":\"Strona g\u0142\u00f3wna\",\"item\":\"https:\/\/bluesky.nfhotel.usermd.net\/\"},{\"@type\":\"ListItem\",\"position\":2,\"name\":\"Apartamenty 2\",\"item\":\"https:\/\/bluesky.nfhotel.usermd.net\/apartamenty\"},{\"@type\":\"ListItem\",\"position\":3,\"name\":\"Apartamenty Karpacz Nadrzeczna\"}]},{\"@type\":\"WebSite\",\"@id\":\"https:\/\/bluesky.nfhotel.usermd.net\/#website\",\"url\":\"https:\/\/bluesky.nfhotel.usermd.net\/\",\"name\":\"Blue Sky\",\"description\":\"Apartamenty w Karpaczu\",\"publisher\":{\"@id\":\"https:\/\/bluesky.nfhotel.usermd.net\/#organization\"},\"potentialAction\":[{\"@type\":\"SearchAction\",\"target\":{\"@type\":\"EntryPoint\",\"urlTemplate\":\"https:\/\/bluesky.nfhotel.usermd.net\/?s={search_term_string}\"},\"query-input\":{\"@type\":\"PropertyValueSpecification\",\"valueRequired\":true,\"valueName\":\"search_term_string\"}}],\"inLanguage\":\"en-GB\"},{\"@type\":\"Organization\",\"@id\":\"https:\/\/bluesky.nfhotel.usermd.net\/#organization\",\"name\":\"Blue Sky\",\"url\":\"https:\/\/bluesky.nfhotel.usermd.net\/\",\"logo\":{\"@type\":\"ImageObject\",\"inLanguage\":\"en-GB\",\"@id\":\"https:\/\/bluesky.nfhotel.usermd.net\/#\/schema\/logo\/image\/\",\"url\":\"\",\"contentUrl\":\"\",\"caption\":\"Blue Sky\"},\"image\":{\"@id\":\"https:\/\/bluesky.nfhotel.usermd.net\/#\/schema\/logo\/image\/\"}}]}<\/script>\n<!-- \/ Yoast SEO plugin. -->","yoast_head_json":{"title":"Apartamenty Karpacz Nadrzeczna - Blue Sky","description":"BlueSky Apartments w Karpaczu to nowoczesny obiekt zlokalizowany przy ulicy Ogrodniczej, \u015bwie\u017co oddany do u\u017cytku. Po\u0142o\u017cony w malowniczym otoczeniu, oferuje przestronne apartamenty, kt\u00f3re s\u0105 idealnym wyborem dla os\u00f3b poszukuj\u0105cych spokoju i doskona\u0142ej lokalizacji w sercu Karpacza.","robots":{"index":"noindex","follow":"follow","max-snippet":"max-snippet:-1","max-image-preview":"max-image-preview:large","max-video-preview":"max-video-preview:-1"},"og_locale":"en_GB","og_type":"article","og_title":"Apartamenty Karpacz Nadrzeczna - Blue Sky","og_description":"BlueSky Apartments w Karpaczu to nowoczesny obiekt zlokalizowany przy ulicy Ogrodniczej, \u015bwie\u017co oddany do u\u017cytku. Po\u0142o\u017cony w malowniczym otoczeniu, oferuje przestronne apartamenty, kt\u00f3re s\u0105 idealnym wyborem dla os\u00f3b poszukuj\u0105cych spokoju i doskona\u0142ej lokalizacji w sercu Karpacza.","og_url":"https:\/\/bluesky.nfhotel.usermd.net\/en\/apartamenty\/apartamenty-karpacz-nadrzeczna\/","og_site_name":"Blue Sky","twitter_card":"summary_large_image","schema":{"@context":"https:\/\/schema.org","@graph":[{"@type":"WebPage","@id":"https:\/\/bluesky.nfhotel.usermd.net\/apartamenty\/apartamenty-karpacz-nadrzeczna","url":"https:\/\/bluesky.nfhotel.usermd.net\/apartamenty\/apartamenty-karpacz-nadrzeczna","name":"Apartamenty Karpacz Nadrzeczna - Blue Sky","isPartOf":{"@id":"https:\/\/bluesky.nfhotel.usermd.net\/#website"},"datePublished":"2024-09-27T08:06:47+00:00","dateModified":"2024-09-27T08:06:47+00:00","description":"BlueSky Apartments w Karpaczu to nowoczesny obiekt zlokalizowany przy ulicy Ogrodniczej, \u015bwie\u017co oddany do u\u017cytku. Po\u0142o\u017cony w malowniczym otoczeniu, oferuje przestronne apartamenty, kt\u00f3re s\u0105 idealnym wyborem dla os\u00f3b poszukuj\u0105cych spokoju i doskona\u0142ej lokalizacji w sercu Karpacza.","breadcrumb":{"@id":"https:\/\/bluesky.nfhotel.usermd.net\/apartamenty\/apartamenty-karpacz-nadrzeczna#breadcrumb"},"inLanguage":"en-GB","potentialAction":[{"@type":"ReadAction","target":["https:\/\/bluesky.nfhotel.usermd.net\/apartamenty\/apartamenty-karpacz-nadrzeczna"]}]},{"@type":"BreadcrumbList","@id":"https:\/\/bluesky.nfhotel.usermd.net\/apartamenty\/apartamenty-karpacz-nadrzeczna#breadcrumb","itemListElement":[{"@type":"ListItem","position":1,"name":"Strona g\u0142\u00f3wna","item":"https:\/\/bluesky.nfhotel.usermd.net\/"},{"@type":"ListItem","position":2,"name":"Apartamenty 2","item":"https:\/\/bluesky.nfhotel.usermd.net\/apartamenty"},{"@type":"ListItem","position":3,"name":"Apartamenty Karpacz Nadrzeczna"}]},{"@type":"WebSite","@id":"https:\/\/bluesky.nfhotel.usermd.net\/#website","url":"https:\/\/bluesky.nfhotel.usermd.net\/","name":"Blue Sky","description":"Apartamenty w Karpaczu","publisher":{"@id":"https:\/\/bluesky.nfhotel.usermd.net\/#organization"},"potentialAction":[{"@type":"SearchAction","target":{"@type":"EntryPoint","urlTemplate":"https:\/\/bluesky.nfhotel.usermd.net\/?s={search_term_string}"},"query-input":{"@type":"PropertyValueSpecification","valueRequired":true,"valueName":"search_term_string"}}],"inLanguage":"en-GB"},{"@type":"Organization","@id":"https:\/\/bluesky.nfhotel.usermd.net\/#organization","name":"Blue Sky","url":"https:\/\/bluesky.nfhotel.usermd.net\/","logo":{"@type":"ImageObject","inLanguage":"en-GB","@id":"https:\/\/bluesky.nfhotel.usermd.net\/#\/schema\/logo\/image\/","url":"","contentUrl":"","caption":"Blue Sky"},"image":{"@id":"https:\/\/bluesky.nfhotel.usermd.net\/#\/schema\/logo\/image\/"}}]}},"_links":{"self":[{"href":"https:\/\/bluesky.nfhotel.usermd.net\/en\/wp-json\/wp\/v2\/pages\/2684"}],"collection":[{"href":"https:\/\/bluesky.nfhotel.usermd.net\/en\/wp-json\/wp\/v2\/pages"}],"about":[{"href":"https:\/\/bluesky.nfhotel.usermd.net\/en\/wp-json\/wp\/v2\/types\/page"}],"author":[{"embeddable":true,"href":"https:\/\/bluesky.nfhotel.usermd.net\/en\/wp-json\/wp\/v2\/users\/3"}],"replies":[{"embeddable":true,"href":"https:\/\/bluesky.nfhotel.usermd.net\/en\/wp-json\/wp\/v2\/comments?post=2684"}],"version-history":[{"count":1,"href":"https:\/\/bluesky.nfhotel.usermd.net\/en\/wp-json\/wp\/v2\/pages\/2684\/revisions"}],"predecessor-version":[{"id":2686,"href":"https:\/\/bluesky.nfhotel.usermd.net\/en\/wp-json\/wp\/v2\/pages\/2684\/revisions\/2686"}],"up":[{"embeddable":true,"href":"https:\/\/bluesky.nfhotel.usermd.net\/en\/wp-json\/wp\/v2\/pages\/2675"}],"wp:attachment":[{"href":"https:\/\/bluesky.nfhotel.usermd.net\/en\/wp-json\/wp\/v2\/media?parent=2684"}],"curies":[{"name":"wp","href":"https:\/\/api.w.org\/{rel}","templated":true}]}}